{"id":31,"date":"2020-02-20T12:22:26","date_gmt":"2020-02-20T11:22:26","guid":{"rendered":"http:\/\/arepfresc.fr\/?page_id=31"},"modified":"2023-07-12T17:03:36","modified_gmt":"2023-07-12T15:03:36","slug":"informations-utiles-comment-financer-ma-formation-professionnelle","status":"publish","type":"page","link":"https:\/\/arepfresc.fr\/index.php\/informations-utiles-comment-financer-ma-formation-professionnelle\/","title":{"rendered":"Informations utiles"},"content":{"rendered":"\t\t<div data-elementor-type=\"wp-page\" data-elementor-id=\"31\" class=\"elementor elementor-31\" data-elementor-post-type=\"page\">\n\t\t\t\t\t\t<section class=\"elementor-section elementor-top-section elementor-element elementor-element-08f2d86 elementor-section-boxed elementor-section-height-default elementor-section-height-default\" data-id=\"08f2d86\" data-element_type=\"section\" data-e-type=\"section\">\n\t\t\t\t\t\t<div class=\"elementor-container elementor-column-gap-default\">\n\t\t\t\t\t<div class=\"elementor-column elementor-col-100 elementor-top-column elementor-element elementor-element-563484b\" data-id=\"563484b\" data-element_type=\"column\" data-e-type=\"column\">\n\t\t\t<div class=\"elementor-widget-wrap elementor-element-populated\">\n\t\t\t\t\t\t<div class=\"elementor-element elementor-element-97c9898 elementor-widget elementor-widget-heading\" data-id=\"97c9898\" data-element_type=\"widget\" data-e-type=\"widget\" data-widget_type=\"heading.default\">\n\t\t\t\t<div class=\"elementor-widget-container\">\n\t\t\t\t\t<h2 class=\"elementor-heading-title elementor-size-default\">Financer ma formation :<br>il suffit de trouver le dispositif  adapt\u00e9 \u00e0 chaque situation !<\/h2>\t\t\t\t<\/div>\n\t\t\t\t<\/div>\n\t\t\t\t\t<\/div>\n\t\t<\/div>\n\t\t\t\t\t<\/div>\n\t\t<\/section>\n\t\t\t\t<section class=\"elementor-section elementor-top-section elementor-element elementor-element-5805f596 elementor-section-boxed elementor-section-height-default elementor-section-height-default\" data-id=\"5805f596\" data-element_type=\"section\" data-e-type=\"section\">\n\t\t\t\t\t\t<div class=\"elementor-container elementor-column-gap-default\">\n\t\t\t\t\t<div class=\"elementor-column elementor-col-100 elementor-top-column elementor-element elementor-element-48105bce\" data-id=\"48105bce\" data-element_type=\"column\" data-e-type=\"column\">\n\t\t\t<div class=\"elementor-widget-wrap elementor-element-populated\">\n\t\t\t\t\t\t<div class=\"elementor-element elementor-element-173c3919 elementor-widget elementor-widget-text-editor\" data-id=\"173c3919\" data-element_type=\"widget\" data-e-type=\"widget\" data-widget_type=\"text-editor.default\">\n\t\t\t\t<div class=\"elementor-widget-container\">\n\t\t\t\t\t\t\t\t\t<p>Le financement est un \u00e9l\u00e9ment essentiel de votre d\u00e9cision de suivre une formation professionnelle.\u00a0Heureusement il existe de nombreuses solutions pour financer tout ou partie de votre projet, comme par exemple choisir une formation \u00e9ligible au\u00a0<span style=\"color: #c1a058;\"><a style=\"color: #c1a058;\" href=\"https:\/\/www.ifocop.fr\/dispositifs-et-financement\/compte-personnel-de-formation-cpf\/\">Compte Personnel de Formation<\/a><\/span>.\u00a0Bien s\u00fbr, des sp\u00e9cialistes sont l\u00e0 pour vous aider \u00e0 y voir clair.\u00a0Tout d\u2019abord, P\u00f4le Emploi\u00a0<span style=\"color: #c1a058;\"><a style=\"color: #c1a058;\" href=\"https:\/\/www.ifocop.fr\/quelle-est-votre-situation\/je-suis-demandeur-demploi\/\">si vous \u00eates en recherche d\u2019emploi<\/a>\u00a0<\/span>ou\u00a0<span style=\"color: #c1a058;\"><a style=\"color: #c1a058;\" href=\"https:\/\/www.ifocop.fr\/quelle-est-votre-situation\/je-suis-salarie\/\">l\u2019organisme financeur de votre employeur si vous \u00eates salari\u00e9<\/a><\/span>.<br \/>Les Responsables de formation de l&rsquo;AREP FRESC,\u00a0experts dans le montage de dossier de formation, sont \u00e9galement \u00e0 votre disposition pour toute question sur les dispositifs et financements de la formation professionnelle.<\/p><p><span style=\"color: #ff6600;\"><strong>Vous \u00eates salari\u00e9<\/strong><\/span><\/p><p>Tous les salari\u00e9s peuvent b\u00e9n\u00e9ficier d\u2019un financement d\u2019heures de formation. Si l\u2019action de formation est \u00e0 l\u2019initiative de l\u2019employeur, celui-ci doit maintenir tout ou partie de la r\u00e9mun\u00e9ration du salari\u00e9.\u00a0<span style=\"color: #333333;\">Les frais p\u00e9dagogiques de formation sont pris en charge par l\u2019OPCO de l\u2019entreprise.\u00a0<\/span><span style=\"color: #333333;\">Si la formation est \u00e0 l\u2019initiative du salari\u00e9, plusieurs dispositifs sont mobilisables pour financer la p\u00e9riode de formation : CPF, VAE,\u2026\u00a0<\/span><span style=\"color: #333333;\">Depuis le 1er\u00a0janvier 2019, le fonctionnement du compte personnel de formation a chang\u00e9.\u00a0L\u2019objectif est de simplifier l\u2019acc\u00e8s aux formations et redonner la main aux actifs sur leur avenir professionnel.Vous trouverez dans cette page toutes les informations qui vous concernent sur le nouveau CPF. Pour des infos compl\u00e9mentaires,\u00a0<span style=\"color: #c1a058;\"><a style=\"color: #c1a058;\" href=\"mailto:afaucher@ifocop.fr\">posez-nous\u00a0toutes vos questions sur le CPF<\/a><\/span>. Nous vous r\u00e9pondrons dans les 48h.\u00a0Nous vous invitons \u00e9galement \u00e0 consulter la page\u00a0<u><span style=\"color: #c1a058;\"><a style=\"color: #c1a058;\" href=\"https:\/\/travail-emploi.gouv.fr\/formation-professionnelle\/evoluer-professionnellement\/compte-personnel-formation\">Compte personnel de formation du Minist\u00e8re du travail<\/a><\/span>.<\/u><\/span><\/p><p><strong><span style=\"color: #ff6600;\">Vous \u00eates demandeur d&#8217;emploi<\/span><\/strong><\/p><p>Plusieurs acteurs peuvent financer les formations des demandeurs d\u2019emploi ou les indemniser pendant la formation\u00a0:\u00a0P\u00f4le Emploi, les R\u00e9gions, l\u2019Etat et les entreprises\u00a0dans le cas de formation en alternance.\u00a0Les indemnisations diff\u00e8rent selon que vous b\u00e9n\u00e9ficiez ou non de l\u2019allocation d\u2019aide au retour \u00e0 l\u2019emploi (ARE) du r\u00e9gime d\u2019assurance ch\u00f4mage.<\/p><p>\u00a0<\/p><p><span style=\"color: #ff6600;\"><strong>Les dispositifs<\/strong><\/span><\/p><p style=\"text-align: center;\"><strong><span style=\"color: #333333;\">LE CPF<\/span><\/strong><\/p><p><span style=\"color: #333333;\">LE CPF est un compte individuel vous permettant de cumuler des droits \u00e0 la formation professionnelle tout au long de votre carri\u00e8re.\u00a0Il est cr\u00e9\u00e9 \u00e0 votre entr\u00e9e sur le march\u00e9 du travail, d\u00e8s l\u2019\u00e2ge de 16 ans (15 ans pour les jeunes ayant sign\u00e9 un contrat d\u2019apprentissage) et utilisable tout au long de la vie.\u00a0Il est attach\u00e9 \u00e0 la personne et non au contrat de travail. Vous conservez donc les droits acquis m\u00eame si vous quittez votre emploi.<\/span><\/p><p style=\"text-align: center;\"><strong><span style=\"color: #333333;\">Le contrat de professionnalisation<\/span><\/strong><\/p><p>Un contrat de professionnalisation est un contrat de travail en alternance qui a pour objectif de favoriser l\u2019insertion ou la r\u00e9insertion professionnelle par l\u2019acquisition d\u2019une qualification.\u00a0La personne en contrat de pro alterne\u00a0:<\/p><ul><li>2\/3 du temps en entreprise, encadr\u00e9e par un tuteur d\u00e9sign\u00e9 par l\u2019employeur.<\/li><li>1\/3 du temps en formation, pour pr\u00e9parer un dipl\u00f4me, un titre certifi\u00e9 ou une qualification professionnelle reconnue (ce temps ne peut \u00eatre inf\u00e9rieur \u00e0 150 heures).<\/li><\/ul><p><em>(Sous r\u00e9serve d\u2019une organisation diff\u00e9rente d\u00e9cid\u00e9e par la branche professionnelle)<\/em><\/p><p style=\"text-align: center;\"><strong><span style=\"color: #333333;\">Le dispositif Pro-A<\/span><\/strong><\/p><p>Tout comme la p\u00e9riode de professionnalisation, la Pro-A est fond\u00e9e sur l\u2019alternance entre activit\u00e9 professionnelle et s\u00e9quences de formation. Elle associe des enseignements g\u00e9n\u00e9raux, professionnels et technologiques, \u00e0 une mise en pratique des nouveaux savoir-faire en entreprise.\u00a0Ce dispositif a pour objectif de maintenir l\u2019employabilit\u00e9 des salari\u00e9s dans leur entreprise par la reconversion ou la promotion interne.<\/p><p style=\"text-align: center;\"><strong><span style=\"color: #333333;\">Le Plan de d\u00e9veloppement des comp\u00e9tences<\/span><\/strong><\/p><p>De m\u00eame que le plan de formation, le plan de d\u00e9veloppement des comp\u00e9tences a pour\u00a0objectif d\u2019assurer le maintien dans l\u2019emploi du salari\u00e9 et de lui permettre d\u2019acqu\u00e9rir de nouvelles comp\u00e9tences, au regard de l\u2019\u00e9volution des emplois, des technologies et des organisations.\u00a0Il repr\u00e9sente l\u2019ensemble des actions de formation professionnelle, de bilans de comp\u00e9tences et de validation des acquis de l\u2019exp\u00e9rience mises en place par l\u2019entreprise pour les salari\u00e9s&#8230;<\/p><p style=\"text-align: center;\"><strong><span style=\"color: #333333;\">Le\u00a0contrat de s\u00e9curisation professionnelle<\/span><\/strong><\/p><p>Le Contrat de S\u00e9curisation Professionnelle (CSP) est un dispositif de reclassement dont l\u2019objectif est de favoriser le retour \u00e0 l\u2019emploi des salari\u00e9s licenci\u00e9s. Il concerne les entreprises de moins de 1000 salari\u00e9s ou en liquidation judiciaire ou redressement.\u00a0Le CSP est un contrat conclu pour une dur\u00e9e de 12 mois qui prend effet le lendemain de la rupture du contrat de travail. Cette dur\u00e9e peut \u00eatre allong\u00e9e des p\u00e9riodes d\u2019activit\u00e9s professionnelles effectu\u00e9es apr\u00e8s la fin du 6\u00e8me\u00a0mois, dans la limite de 3 mois suppl\u00e9mentaires&#8230;<\/p><p style=\"text-align: center;\"><strong><span style=\"color: #333333;\">La VAE : validation des acquis professionnels<\/span><\/strong><\/p><p>La VAE est un dispositif qui permet de faire \u00e9valuer ses comp\u00e9tences professionnelles dans le but d\u2019obtenir une certification. La certification vis\u00e9e doit bien s\u00fbr \u00eatre en relation avec l\u2019exp\u00e9rience professionnelle acquise et doit \u00eatre inscrite au R\u00e9pertoire National des Certifications Professionnelles. La VAE peut \u00eatre r\u00e9alis\u00e9e dans le cadre du\u00a0<span style=\"color: #c1a058;\"><a style=\"color: #c1a058;\" href=\"https:\/\/www.ifocop.fr\/dispositifs-et-financement\/plan-de-developpement-des-competences\/\">Plan de d\u00e9veloppement des comp\u00e9tences<\/a><\/span>\u00a0de l\u2019entreprise ou \u00e0 l\u2019initiative du salari\u00e9.<\/p>\t\t\t\t\t\t\t\t<\/div>\n\t\t\t\t<\/div>\n\t\t\t\t\t<\/div>\n\t\t<\/div>\n\t\t\t\t\t<\/div>\n\t\t<\/section>\n\t\t\t\t<\/div>\n\t\t","protected":false},"excerpt":{"rendered":"<p>Financer ma formation :il suffit de trouver le dispositif adapt\u00e9 \u00e0 chaque situation ! Le financement est un \u00e9l\u00e9ment essentiel de votre d\u00e9cision de suivre une formation professionnelle.\u00a0Heureusement il existe de nombreuses solutions pour financer tout ou partie de votre projet, comme par exemple choisir une formation \u00e9ligible au\u00a0Compte Personnel de Formation.\u00a0Bien s\u00fbr, des sp\u00e9cialistes [&hellip;]<\/p>\n","protected":false},"author":2,"featured_media":0,"parent":0,"menu_order":4,"comment_status":"closed","ping_status":"closed","template":"elementor_theme","meta":{"_monsterinsights_skip_tracking":false,"_monsterinsights_sitenote_active":false,"_monsterinsights_sitenote_note":"","_monsterinsights_sitenote_category":0,"footnotes":""},"class_list":["post-31","page","type-page","status-publish","hentry"],"yoast_head":"<!-- This site is optimized with the Yoast SEO plugin v27.3 - https:\/\/yoast.com\/product\/yoast-seo-wordpress\/ -->\n<title>Informations utiles - AREP UFA FRESC comment financer ma formation professionnelle<\/title>\n<meta name=\"description\" content=\"cette page pr\u00e9sente comment financer une formation professionnelle pour les demandeurs d&#039;emploi et salari\u00e9s en reconversion.\" \/>\n<meta name=\"robots\" content=\"index, follow, max-snippet:-1, max-image-preview:large, max-video-preview:-1\" \/>\n<link rel=\"canonical\" href=\"https:\/\/arepfresc.fr\/index.php\/informations-utiles-comment-financer-ma-formation-professionnelle\/\" \/>\n<meta property=\"og:locale\" content=\"fr_FR\" \/>\n<meta property=\"og:type\" content=\"article\" \/>\n<meta property=\"og:title\" content=\"Informations utiles - AREP UFA FRESC comment financer ma formation professionnelle\" \/>\n<meta property=\"og:description\" content=\"cette page pr\u00e9sente comment financer une formation professionnelle pour les demandeurs d&#039;emploi et salari\u00e9s en reconversion.\" \/>\n<meta property=\"og:url\" content=\"https:\/\/arepfresc.fr\/index.php\/informations-utiles-comment-financer-ma-formation-professionnelle\/\" \/>\n<meta property=\"og:site_name\" content=\"AREP UFA FRESC\" \/>\n<meta property=\"article:publisher\" content=\"https:\/\/www.facebook.com\/Arep-frescc-286911028091348\/\" \/>\n<meta property=\"article:modified_time\" content=\"2023-07-12T15:03:36+00:00\" \/>\n<meta name=\"twitter:card\" content=\"summary_large_image\" \/>\n<meta name=\"twitter:label1\" content=\"Dur\u00e9e de lecture estim\u00e9e\" \/>\n\t<meta name=\"twitter:data1\" content=\"5 minutes\" \/>\n<script type=\"application\/ld+json\" class=\"yoast-schema-graph\">{\"@context\":\"https:\\\/\\\/schema.org\",\"@graph\":[{\"@type\":\"WebPage\",\"@id\":\"https:\\\/\\\/arepfresc.fr\\\/index.php\\\/informations-utiles-comment-financer-ma-formation-professionnelle\\\/\",\"url\":\"https:\\\/\\\/arepfresc.fr\\\/index.php\\\/informations-utiles-comment-financer-ma-formation-professionnelle\\\/\",\"name\":\"Informations utiles - AREP UFA FRESC comment financer ma formation professionnelle\",\"isPartOf\":{\"@id\":\"https:\\\/\\\/arepfresc.fr\\\/#website\"},\"datePublished\":\"2020-02-20T11:22:26+00:00\",\"dateModified\":\"2023-07-12T15:03:36+00:00\",\"description\":\"cette page pr\u00e9sente comment financer une formation professionnelle pour les demandeurs d'emploi et salari\u00e9s en reconversion.\",\"breadcrumb\":{\"@id\":\"https:\\\/\\\/arepfresc.fr\\\/index.php\\\/informations-utiles-comment-financer-ma-formation-professionnelle\\\/#breadcrumb\"},\"inLanguage\":\"fr-FR\",\"potentialAction\":[{\"@type\":\"ReadAction\",\"target\":[\"https:\\\/\\\/arepfresc.fr\\\/index.php\\\/informations-utiles-comment-financer-ma-formation-professionnelle\\\/\"]}]},{\"@type\":\"BreadcrumbList\",\"@id\":\"https:\\\/\\\/arepfresc.fr\\\/index.php\\\/informations-utiles-comment-financer-ma-formation-professionnelle\\\/#breadcrumb\",\"itemListElement\":[{\"@type\":\"ListItem\",\"position\":1,\"name\":\"Accueil\",\"item\":\"https:\\\/\\\/arepfresc.fr\\\/\"},{\"@type\":\"ListItem\",\"position\":2,\"name\":\"Informations utiles\"}]},{\"@type\":\"WebSite\",\"@id\":\"https:\\\/\\\/arepfresc.fr\\\/#website\",\"url\":\"https:\\\/\\\/arepfresc.fr\\\/\",\"name\":\"AREP UFA FRESC\",\"description\":\"L&#039;apprentissage tout au long de la vie\",\"publisher\":{\"@id\":\"https:\\\/\\\/arepfresc.fr\\\/#organization\"},\"potentialAction\":[{\"@type\":\"SearchAction\",\"target\":{\"@type\":\"EntryPoint\",\"urlTemplate\":\"https:\\\/\\\/arepfresc.fr\\\/?s={search_term_string}\"},\"query-input\":{\"@type\":\"PropertyValueSpecification\",\"valueRequired\":true,\"valueName\":\"search_term_string\"}}],\"inLanguage\":\"fr-FR\"},{\"@type\":\"Organization\",\"@id\":\"https:\\\/\\\/arepfresc.fr\\\/#organization\",\"name\":\"AREP FRESC Roubaix\",\"url\":\"https:\\\/\\\/arepfresc.fr\\\/\",\"logo\":{\"@type\":\"ImageObject\",\"inLanguage\":\"fr-FR\",\"@id\":\"https:\\\/\\\/arepfresc.fr\\\/#\\\/schema\\\/logo\\\/image\\\/\",\"url\":\"https:\\\/\\\/arepfresc.fr\\\/wp-content\\\/uploads\\\/2020\\\/02\\\/logo.jpeg\",\"contentUrl\":\"https:\\\/\\\/arepfresc.fr\\\/wp-content\\\/uploads\\\/2020\\\/02\\\/logo.jpeg\",\"width\":459,\"height\":100,\"caption\":\"AREP FRESC Roubaix\"},\"image\":{\"@id\":\"https:\\\/\\\/arepfresc.fr\\\/#\\\/schema\\\/logo\\\/image\\\/\"},\"sameAs\":[\"https:\\\/\\\/www.facebook.com\\\/Arep-frescc-286911028091348\\\/\"]}]}<\/script>\n<!-- \/ Yoast SEO plugin. -->","yoast_head_json":{"title":"Informations utiles - AREP UFA FRESC comment financer ma formation professionnelle","description":"cette page pr\u00e9sente comment financer une formation professionnelle pour les demandeurs d'emploi et salari\u00e9s en reconversion.","robots":{"index":"index","follow":"follow","max-snippet":"max-snippet:-1","max-image-preview":"max-image-preview:large","max-video-preview":"max-video-preview:-1"},"canonical":"https:\/\/arepfresc.fr\/index.php\/informations-utiles-comment-financer-ma-formation-professionnelle\/","og_locale":"fr_FR","og_type":"article","og_title":"Informations utiles - AREP UFA FRESC comment financer ma formation professionnelle","og_description":"cette page pr\u00e9sente comment financer une formation professionnelle pour les demandeurs d'emploi et salari\u00e9s en reconversion.","og_url":"https:\/\/arepfresc.fr\/index.php\/informations-utiles-comment-financer-ma-formation-professionnelle\/","og_site_name":"AREP UFA FRESC","article_publisher":"https:\/\/www.facebook.com\/Arep-frescc-286911028091348\/","article_modified_time":"2023-07-12T15:03:36+00:00","twitter_card":"summary_large_image","twitter_misc":{"Dur\u00e9e de lecture estim\u00e9e":"5 minutes"},"schema":{"@context":"https:\/\/schema.org","@graph":[{"@type":"WebPage","@id":"https:\/\/arepfresc.fr\/index.php\/informations-utiles-comment-financer-ma-formation-professionnelle\/","url":"https:\/\/arepfresc.fr\/index.php\/informations-utiles-comment-financer-ma-formation-professionnelle\/","name":"Informations utiles - AREP UFA FRESC comment financer ma formation professionnelle","isPartOf":{"@id":"https:\/\/arepfresc.fr\/#website"},"datePublished":"2020-02-20T11:22:26+00:00","dateModified":"2023-07-12T15:03:36+00:00","description":"cette page pr\u00e9sente comment financer une formation professionnelle pour les demandeurs d'emploi et salari\u00e9s en reconversion.","breadcrumb":{"@id":"https:\/\/arepfresc.fr\/index.php\/informations-utiles-comment-financer-ma-formation-professionnelle\/#breadcrumb"},"inLanguage":"fr-FR","potentialAction":[{"@type":"ReadAction","target":["https:\/\/arepfresc.fr\/index.php\/informations-utiles-comment-financer-ma-formation-professionnelle\/"]}]},{"@type":"BreadcrumbList","@id":"https:\/\/arepfresc.fr\/index.php\/informations-utiles-comment-financer-ma-formation-professionnelle\/#breadcrumb","itemListElement":[{"@type":"ListItem","position":1,"name":"Accueil","item":"https:\/\/arepfresc.fr\/"},{"@type":"ListItem","position":2,"name":"Informations utiles"}]},{"@type":"WebSite","@id":"https:\/\/arepfresc.fr\/#website","url":"https:\/\/arepfresc.fr\/","name":"AREP UFA FRESC","description":"L&#039;apprentissage tout au long de la vie","publisher":{"@id":"https:\/\/arepfresc.fr\/#organization"},"potentialAction":[{"@type":"SearchAction","target":{"@type":"EntryPoint","urlTemplate":"https:\/\/arepfresc.fr\/?s={search_term_string}"},"query-input":{"@type":"PropertyValueSpecification","valueRequired":true,"valueName":"search_term_string"}}],"inLanguage":"fr-FR"},{"@type":"Organization","@id":"https:\/\/arepfresc.fr\/#organization","name":"AREP FRESC Roubaix","url":"https:\/\/arepfresc.fr\/","logo":{"@type":"ImageObject","inLanguage":"fr-FR","@id":"https:\/\/arepfresc.fr\/#\/schema\/logo\/image\/","url":"https:\/\/arepfresc.fr\/wp-content\/uploads\/2020\/02\/logo.jpeg","contentUrl":"https:\/\/arepfresc.fr\/wp-content\/uploads\/2020\/02\/logo.jpeg","width":459,"height":100,"caption":"AREP FRESC Roubaix"},"image":{"@id":"https:\/\/arepfresc.fr\/#\/schema\/logo\/image\/"},"sameAs":["https:\/\/www.facebook.com\/Arep-frescc-286911028091348\/"]}]}},"publishpress_future_workflow_manual_trigger":{"enabledWorkflows":[]},"_links":{"self":[{"href":"https:\/\/arepfresc.fr\/index.php\/wp-json\/wp\/v2\/pages\/31","targetHints":{"allow":["GET"]}}],"collection":[{"href":"https:\/\/arepfresc.fr\/index.php\/wp-json\/wp\/v2\/pages"}],"about":[{"href":"https:\/\/arepfresc.fr\/index.php\/wp-json\/wp\/v2\/types\/page"}],"author":[{"embeddable":true,"href":"https:\/\/arepfresc.fr\/index.php\/wp-json\/wp\/v2\/users\/2"}],"replies":[{"embeddable":true,"href":"https:\/\/arepfresc.fr\/index.php\/wp-json\/wp\/v2\/comments?post=31"}],"version-history":[{"count":20,"href":"https:\/\/arepfresc.fr\/index.php\/wp-json\/wp\/v2\/pages\/31\/revisions"}],"predecessor-version":[{"id":10546,"href":"https:\/\/arepfresc.fr\/index.php\/wp-json\/wp\/v2\/pages\/31\/revisions\/10546"}],"wp:attachment":[{"href":"https:\/\/arepfresc.fr\/index.php\/wp-json\/wp\/v2\/media?parent=31"}],"curies":[{"name":"wp","href":"https:\/\/api.w.org\/{rel}","templated":true}]}}